{"id":3348,"date":"2025-06-08T13:16:47","date_gmt":"2025-06-08T11:16:47","guid":{"rendered":"https:\/\/eja.lu\/?page_id=3348"},"modified":"2025-09-14T05:14:43","modified_gmt":"2025-09-14T03:14:43","slug":"contact-eja","status":"publish","type":"page","link":"https:\/\/eja.lu\/index.php\/contact-eja\/","title":{"rendered":"Contact"},"content":{"rendered":"\n<h3 class=\"wp-block-heading\">\u00c0 propos de nous<\/h3>\n\n\n\n<p>L\u2019Entente Jeunesse Atertdaul (EJA) est un club de football de jeunes form\u00e9 par l\u2019alliance du FC Biekerech, du SC Ell et du FC Pr\u00e9izerdaul R\u00e9iden.<\/p>\n\n\n\n<figure class=\"wp-block-gallery has-nested-images columns-4 is-cropped wp-block-gallery-1 is-layout-flex wp-block-gallery-is-layout-flex\">\n<figure class=\"wp-block-image size-large\"><img loading=\"lazy\" decoding=\"async\" width=\"92\" height=\"109\" data-id=\"166\" src=\"https:\/\/eja.lu\/wp-content\/uploads\/2023\/11\/Image5.png\" alt=\"\" class=\"wp-image-166\" srcset=\"https:\/\/eja.lu\/wp-content\/uploads\/2023\/11\/Image5.png 92w, https:\/\/eja.lu\/wp-content\/uploads\/2023\/11\/Image5-27x32.png 27w\" sizes=\"auto, (max-width: 92px) 100vw, 92px\" \/><\/figure>\n\n\n\n<figure class=\"wp-block-image size-large\"><img loading=\"lazy\" decoding=\"async\" width=\"206\" height=\"208\" data-id=\"609\" src=\"https:\/\/eja.lu\/wp-content\/uploads\/2023\/12\/fcb.jpg\" alt=\"\" class=\"wp-image-609\" srcset=\"https:\/\/eja.lu\/wp-content\/uploads\/2023\/12\/fcb.jpg 206w, https:\/\/eja.lu\/wp-content\/uploads\/2023\/12\/fcb-150x150.jpg 150w, https:\/\/eja.lu\/wp-content\/uploads\/2023\/12\/fcb-128x128.jpg 128w, https:\/\/eja.lu\/wp-content\/uploads\/2023\/12\/fcb-32x32.jpg 32w\" sizes=\"auto, (max-width: 206px) 100vw, 206px\" \/><\/figure>\n\n\n\n<figure class=\"wp-block-image size-large\"><img loading=\"lazy\" decoding=\"async\" width=\"200\" height=\"200\" data-id=\"610\" src=\"https:\/\/eja.lu\/wp-content\/uploads\/2023\/12\/sce.png\" alt=\"\" class=\"wp-image-610\" srcset=\"https:\/\/eja.lu\/wp-content\/uploads\/2023\/12\/sce.png 200w, https:\/\/eja.lu\/wp-content\/uploads\/2023\/12\/sce-150x150.png 150w, https:\/\/eja.lu\/wp-content\/uploads\/2023\/12\/sce-128x128.png 128w, https:\/\/eja.lu\/wp-content\/uploads\/2023\/12\/sce-32x32.png 32w\" sizes=\"auto, (max-width: 200px) 100vw, 200px\" \/><\/figure>\n\n\n\n<figure class=\"wp-block-image size-large\"><img loading=\"lazy\" decoding=\"async\" width=\"888\" height=\"888\" data-id=\"611\" src=\"https:\/\/eja.lu\/wp-content\/uploads\/2023\/12\/fcpr.jpg\" alt=\"\" class=\"wp-image-611\" srcset=\"https:\/\/eja.lu\/wp-content\/uploads\/2023\/12\/fcpr.jpg 888w, https:\/\/eja.lu\/wp-content\/uploads\/2023\/12\/fcpr-300x300.jpg 300w, https:\/\/eja.lu\/wp-content\/uploads\/2023\/12\/fcpr-150x150.jpg 150w, https:\/\/eja.lu\/wp-content\/uploads\/2023\/12\/fcpr-768x768.jpg 768w, https:\/\/eja.lu\/wp-content\/uploads\/2023\/12\/fcpr-128x128.jpg 128w, https:\/\/eja.lu\/wp-content\/uploads\/2023\/12\/fcpr-32x32.jpg 32w\" sizes=\"auto, (max-width: 888px) 100vw, 888px\" \/><\/figure>\n<\/figure>\n\n\n\n<p><\/p>\n\n\n\n<h3 class=\"wp-block-heading\">Nos coordonn\u00e9es<\/h3>\n\n\n\n<p><strong>Entente Jeunesse Atertdaul<br><\/strong>4, um Essig<br>8530 Ell<\/p>\n\n\n\n<p><a href=\"mailto:info@eja.lu\"><strong>info@eja.lu<\/strong><\/a><\/p>\n\n\n\n<h3 class=\"wp-block-heading\">Commission des jeunes<\/h3>\n\n\n\n<figure class=\"wp-block-image size-full is-resized\"><img loading=\"lazy\" decoding=\"async\" width=\"92\" height=\"109\" src=\"https:\/\/eja.lu\/wp-content\/uploads\/2023\/11\/Image5.png\" alt=\"\" class=\"wp-image-166\" style=\"width:57px;height:auto\" srcset=\"https:\/\/eja.lu\/wp-content\/uploads\/2023\/11\/Image5.png 92w, https:\/\/eja.lu\/wp-content\/uploads\/2023\/11\/Image5-27x32.png 27w\" sizes=\"auto, (max-width: 92px) 100vw, 92px\" \/><\/figure>\n\n\n\n<p class=\"has-small-font-size\"><em>Pr\u00e9sident <\/em>: Christophe Bisdorff<\/p>\n\n\n\n<p class=\"has-small-font-size\"><em>Vice-Pr\u00e9sident <\/em>: Sacha Maus<\/p>\n\n\n\n<p class=\"has-small-font-size\"><em>Secr\u00e9taire <\/em>: Alexandra Da Silva<\/p>\n\n\n\n<p class=\"has-small-font-size\"><em>Tr\u00e9sorier <\/em>: Marc Rasqu\u00e9<\/p>\n\n\n\n<p class=\"has-small-font-size\"><em>Contact parents<\/em> : Eusch Kolbet<\/p>\n\n\n\n<p class=\"has-small-font-size\"><em>Event Manager<\/em> : Patrick Schommer<\/p>\n\n\n\n<p class=\"has-small-font-size\"><em>Coordinateur des entra\u00eeneurs <\/em>: Jean-Luc Seyler<\/p>\n\n\n\n<p class=\"has-small-font-size\"><em>IT<\/em> : Vincent Port<\/p>\n\n\n\n<p class=\"has-small-font-size\">Lucien Bucari<\/p>\n\n\n\n<p><\/p>\n\n\n\n<figure class=\"wp-block-image size-full is-resized\"><img loading=\"lazy\" decoding=\"async\" width=\"206\" height=\"208\" src=\"https:\/\/eja.lu\/wp-content\/uploads\/2023\/12\/fcb.jpg\" alt=\"\" class=\"wp-image-609\" style=\"width:72px;height:auto\" srcset=\"https:\/\/eja.lu\/wp-content\/uploads\/2023\/12\/fcb.jpg 206w, https:\/\/eja.lu\/wp-content\/uploads\/2023\/12\/fcb-150x150.jpg 150w, https:\/\/eja.lu\/wp-content\/uploads\/2023\/12\/fcb-128x128.jpg 128w, https:\/\/eja.lu\/wp-content\/uploads\/2023\/12\/fcb-32x32.jpg 32w\" sizes=\"auto, (max-width: 206px) 100vw, 206px\" \/><\/figure>\n\n\n\n<p class=\"has-small-font-size\"><em>Repr\u00e9sentants FC Beckerich<\/em> : &nbsp;Victor Manuel Da Conceicao Santos &nbsp;&amp;&nbsp; Luis Miguel Da Costa Duarte<\/p>\n\n\n\n<p><\/p>\n\n\n\n<figure class=\"wp-block-image size-full is-resized\"><img loading=\"lazy\" decoding=\"async\" width=\"200\" height=\"200\" src=\"https:\/\/eja.lu\/wp-content\/uploads\/2023\/12\/sce.png\" alt=\"\" class=\"wp-image-610\" style=\"width:64px;height:auto\" srcset=\"https:\/\/eja.lu\/wp-content\/uploads\/2023\/12\/sce.png 200w, https:\/\/eja.lu\/wp-content\/uploads\/2023\/12\/sce-150x150.png 150w, https:\/\/eja.lu\/wp-content\/uploads\/2023\/12\/sce-128x128.png 128w, https:\/\/eja.lu\/wp-content\/uploads\/2023\/12\/sce-32x32.png 32w\" sizes=\"auto, (max-width: 200px) 100vw, 200px\" \/><\/figure>\n\n\n\n<p class=\"has-small-font-size\"><em>Repr\u00e9sentants SC Ell<\/em> : &nbsp;&nbsp;&nbsp;Jean-Michel Wahl &nbsp;&amp;&nbsp; Chris Reckel<\/p>\n\n\n\n<p><\/p>\n\n\n\n<figure class=\"wp-block-image size-full is-resized\"><img loading=\"lazy\" decoding=\"async\" width=\"888\" height=\"888\" src=\"https:\/\/eja.lu\/wp-content\/uploads\/2023\/12\/fcpr.jpg\" alt=\"\" class=\"wp-image-611\" style=\"width:68px;height:auto\" srcset=\"https:\/\/eja.lu\/wp-content\/uploads\/2023\/12\/fcpr.jpg 888w, https:\/\/eja.lu\/wp-content\/uploads\/2023\/12\/fcpr-300x300.jpg 300w, https:\/\/eja.lu\/wp-content\/uploads\/2023\/12\/fcpr-150x150.jpg 150w, https:\/\/eja.lu\/wp-content\/uploads\/2023\/12\/fcpr-768x768.jpg 768w, https:\/\/eja.lu\/wp-content\/uploads\/2023\/12\/fcpr-128x128.jpg 128w, https:\/\/eja.lu\/wp-content\/uploads\/2023\/12\/fcpr-32x32.jpg 32w\" sizes=\"auto, (max-width: 888px) 100vw, 888px\" \/><\/figure>\n\n\n\n<p class=\"has-small-font-size\"><em>Repr\u00e9sentant FC Pr\u00e9izerdaul-R\u00e9iden <\/em>: &nbsp;&nbsp;Manuel Kaufmann<\/p>\n\n\n\n<p><\/p>\n","protected":false},"excerpt":{"rendered":"<p>\u00c0 propos de nous L\u2019Entente Jeunesse Atertdaul (EJA) est un club de football de jeunes form\u00e9 par l\u2019alliance du FC Biekerech, du SC Ell et du FC Pr\u00e9izerdaul R\u00e9iden. Nos coordonn\u00e9es Entente Jeunesse Atertdaul4, um Essig8530 Ell info@eja.lu Commission des jeunes Pr\u00e9sident : Christophe Bisdorff Vice-Pr\u00e9sident : Sacha Maus Secr\u00e9taire : Alexandra Da Silva Tr\u00e9sorier [&hellip;]<\/p>\n","protected":false},"author":3,"featured_media":0,"parent":0,"menu_order":0,"comment_status":"closed","ping_status":"closed","template":"","meta":{"footnotes":""},"class_list":["post-3348","page","type-page","status-publish","hentry"],"_links":{"self":[{"href":"https:\/\/eja.lu\/index.php\/wp-json\/wp\/v2\/pages\/3348","targetHints":{"allow":["GET"]}}],"collection":[{"href":"https:\/\/eja.lu\/index.php\/wp-json\/wp\/v2\/pages"}],"about":[{"href":"https:\/\/eja.lu\/index.php\/wp-json\/wp\/v2\/types\/page"}],"author":[{"embeddable":true,"href":"https:\/\/eja.lu\/index.php\/wp-json\/wp\/v2\/users\/3"}],"replies":[{"embeddable":true,"href":"https:\/\/eja.lu\/index.php\/wp-json\/wp\/v2\/comments?post=3348"}],"version-history":[{"count":3,"href":"https:\/\/eja.lu\/index.php\/wp-json\/wp\/v2\/pages\/3348\/revisions"}],"predecessor-version":[{"id":3762,"href":"https:\/\/eja.lu\/index.php\/wp-json\/wp\/v2\/pages\/3348\/revisions\/3762"}],"wp:attachment":[{"href":"https:\/\/eja.lu\/index.php\/wp-json\/wp\/v2\/media?parent=3348"}],"curies":[{"name":"wp","href":"https:\/\/api.w.org\/{rel}","templated":true}]}}